{"id":172,"date":"2017-11-09T18:38:46","date_gmt":"2017-11-09T16:38:46","guid":{"rendered":"http:\/\/kultur-josefstadt.at\/?page_id=172"},"modified":"2022-09-09T08:32:15","modified_gmt":"2022-09-09T06:32:15","slug":"unsere-sponsorinnen","status":"publish","type":"page","link":"http:\/\/kultur-josefstadt.at\/?page_id=172","title":{"rendered":"SponsorInnen &#038; Spenden"},"content":{"rendered":"\n<p><\/p>\n\n\n\n<p>Als gemeinn\u00fctziger Verein finanzieren wir uns aus freiwilligen Spenden, Mitgliedsbeitr\u00e4gen und der freundlichen Unterst\u00fctzung unserer PartnerInnen und F\u00f6rdergeberInnen, denen wir an dieser Stelle herzlich danken.<\/p>\n\n\n\n<p><\/p>\n\n\n\n<p><\/p>\n\n\n\n<p><\/p>\n\n\n<div class=\"wp-block-image\">\n<figure class=\"aligncenter\"><img decoding=\"async\" src=\"http:\/\/kultur-josefstadt.at\/wp-content\/uploads\/2017\/11\/wienkultur_logo_RGB-300x93.jpg\" alt=\"\" class=\"wp-image-205\"\/><\/figure><\/div>\n\n\n<hr class=\"wp-block-separator has-css-opacity\"\/>\n\n\n<div class=\"wp-block-image\">\n<figure class=\"aligncenter is-resized\"><img decoding=\"async\" loading=\"lazy\" src=\"http:\/\/kultur-josefstadt.at\/wp-content\/uploads\/2017\/11\/Logo_weiss_jpg-300x300.jpg\" alt=\"\" class=\"wp-image-294\" width=\"300\" height=\"300\"\/><\/figure><\/div>\n\n\n<hr class=\"wp-block-separator has-css-opacity\"\/>\n\n\n<div class=\"wp-block-image\">\n<figure class=\"aligncenter size-large\"><img decoding=\"async\" loading=\"lazy\" width=\"1024\" height=\"136\" src=\"http:\/\/kultur-josefstadt.at\/wp-content\/uploads\/2022\/09\/Josefstadt-KUK-Logo-neu-bunt-1024x136.png\" alt=\"\" class=\"wp-image-628\" srcset=\"http:\/\/kultur-josefstadt.at\/wp-content\/uploads\/2022\/09\/Josefstadt-KUK-Logo-neu-bunt-1024x136.png 1024w, http:\/\/kultur-josefstadt.at\/wp-content\/uploads\/2022\/09\/Josefstadt-KUK-Logo-neu-bunt-300x40.png 300w, http:\/\/kultur-josefstadt.at\/wp-content\/uploads\/2022\/09\/Josefstadt-KUK-Logo-neu-bunt-768x102.png 768w, http:\/\/kultur-josefstadt.at\/wp-content\/uploads\/2022\/09\/Josefstadt-KUK-Logo-neu-bunt-1536x204.png 1536w, http:\/\/kultur-josefstadt.at\/wp-content\/uploads\/2022\/09\/Josefstadt-KUK-Logo-neu-bunt-2048x272.png 2048w\" sizes=\"(max-width: 1024px) 100vw, 1024px\" \/><\/figure><\/div>\n\n\n<hr class=\"wp-block-separator has-css-opacity\"\/>\n\n\n\n<h2 class=\"wp-block-heading\">Spenden<\/h2>\n\n\n\n<p>Wenn Sie den Kulturverein Freundinnen und Freunde der Josefstadt mit einer Spende unterst\u00fctzen m\u00f6chten, k\u00f6nnen Sie das hier:&nbsp;<\/p>\n\n\n\n<p>Bankverbindung: IBAN AT97 1200 0006 1124 1308, BIC: BKAUATWW<\/p>\n\n\n\n<p><\/p>\n\n\n\n<hr class=\"wp-block-separator has-css-opacity\"\/>\n\n\n\n<h2 class=\"wp-block-heading\">Dank<\/h2>\n\n\n\n<p><span lang=\"DE\">F\u00fcr die langj\u00e4hrige gute Zusammenarbeit geb\u00fchrt unser Dank<\/span> au\u00dferdem:<\/p>\n\n\n\n<p><span lang=\"DE\">dem <a href=\"https:\/\/www.bezirksmuseum.at\/de\/bezirksmuseum_8\/bezirksmuseum\/\" target=\"_blank\" rel=\"noreferrer noopener\">Bezirksmuseum Josefstadt<\/a><\/span><\/p>\n\n\n\n<p><span lang=\"DE\">dem Verein &#8222;<a href=\"http:\/\/www.buckoworgel.piaristen.at\">Rettet die Buckoworgel<\/a>&#8220; der Pfarre Maria Treu,<\/span><\/p>\n\n\n\n<p>der humanisierten Arbeitsst\u00e4tte <span lang=\"DE\"><a href=\"http:\/\/unik.at\">UNIK.AT<\/a><\/span><\/p>\n\n\n\n<p><span lang=\"DE\">dem <a href=\"https:\/\/www.volkskundemuseum.at\">Museum f\u00fcr Volkskunde<\/a>,<\/span><\/p>\n\n\n\n<p><span lang=\"DE\">und ganz besonders unseren Mitgliedern und den Besucherinnen und Besuchern unserer Veranstaltungen.<\/span><\/p>\n","protected":false},"excerpt":{"rendered":"<p>Als gemeinn\u00fctziger Verein finanzieren wir uns aus freiwilligen Spenden, Mitgliedsbeitr\u00e4gen und der freundlichen Unterst\u00fctzung unserer PartnerInnen und F\u00f6rdergeberInnen, denen wir an dieser Stelle herzlich danken. Spenden Wenn Sie den Kulturverein Freundinnen und Freunde der Josefstadt mit einer Spende unterst\u00fctzen m\u00f6chten, k\u00f6nnen Sie das hier:&nbsp; Bankverbindung: IBAN AT97 1200 0006 1124 1308, BIC: BKAUATWW Dank F\u00fcr &hellip; <a href=\"http:\/\/kultur-josefstadt.at\/?page_id=172\" class=\"more-link\"><span class=\"screen-reader-text\">SponsorInnen &#038; Spenden<\/span> weiterlesen<\/a><\/p>\n","protected":false},"author":1,"featured_media":0,"parent":0,"menu_order":0,"comment_status":"closed","ping_status":"closed","template":"","meta":[],"jetpack-related-posts":[{"id":30,"url":"http:\/\/kultur-josefstadt.at\/","url_meta":{"origin":172,"position":0},"title":"Aktuelles","author":"admin","date":"6. November 2017","format":false,"excerpt":"30. Mai 2026, 19 Uhr \"Schm\u00e4h vo\u00b4gestern\" - Heitere Lieder und gef\u00e4llige Melodien mit Robert Fontane & seinen Schm\u00e4htandlern Wienerlieder, Chansons und Schlager des 20. Jahrhunderts im Spannungsfeld zwischen Nostalgie, Humor und kritischer Distanz Mit Werken von Georg Kreisler, Hans Lang und anderen pr\u00e4genden Pers\u00f6nlichkeiten der deutschsprachigen Popul\u00e4rmusik. Die Veranstaltung\u2026","rel":"","context":"\u00c4hnlicher Beitrag","block_context":{"text":"\u00c4hnlicher Beitrag","link":""},"img":{"alt_text":"","src":"https:\/\/i0.wp.com\/kultur-josefstadt.at\/wp-content\/uploads\/2026\/04\/Schmaeh-Plakat-Version-3-scaled.jpg?resize=350%2C200","width":350,"height":200},"classes":[]},{"id":526,"url":"http:\/\/kultur-josefstadt.at\/?page_id=526","url_meta":{"origin":172,"position":1},"title":"Archiv","author":"admin","date":"9. Dezember 2021","format":false,"excerpt":"Das sind vergangene Veranstaltungen des Kulturvereins. 9. Dezember 2025, 19:30 Uhr: Adventkonzert des Kulturvereins Josefstadt Machet die Tore weit Wenn sich das Jahr dem Ende zuneigt und die Stadt im warmen Lichterglanz erstrahlt, l\u00e4dt derKulturverein Josefstadt\u00a0zu einem besonderen musikalischen Abend ein: Am\u00a0Dienstag, dem 9. Dezember 2025, 19.30 Uhr erklingen im\u00a0Calasanzsaal\u2026","rel":"","context":"\u00c4hnlicher Beitrag","block_context":{"text":"\u00c4hnlicher Beitrag","link":""},"img":{"alt_text":"","src":"https:\/\/i0.wp.com\/kultur-josefstadt.at\/wp-content\/uploads\/2023\/10\/IMG_4505-edited-rotated.jpeg?resize=350%2C200","width":350,"height":200},"classes":[]}],"_links":{"self":[{"href":"http:\/\/kultur-josefstadt.at\/index.php?rest_route=\/wp\/v2\/pages\/172"}],"collection":[{"href":"http:\/\/kultur-josefstadt.at\/index.php?rest_route=\/wp\/v2\/pages"}],"about":[{"href":"http:\/\/kultur-josefstadt.at\/index.php?rest_route=\/wp\/v2\/types\/page"}],"author":[{"embeddable":true,"href":"http:\/\/kultur-josefstadt.at\/index.php?rest_route=\/wp\/v2\/users\/1"}],"replies":[{"embeddable":true,"href":"http:\/\/kultur-josefstadt.at\/index.php?rest_route=%2Fwp%2Fv2%2Fcomments&post=172"}],"version-history":[{"count":18,"href":"http:\/\/kultur-josefstadt.at\/index.php?rest_route=\/wp\/v2\/pages\/172\/revisions"}],"predecessor-version":[{"id":630,"href":"http:\/\/kultur-josefstadt.at\/index.php?rest_route=\/wp\/v2\/pages\/172\/revisions\/630"}],"wp:attachment":[{"href":"http:\/\/kultur-josefstadt.at\/index.php?rest_route=%2Fwp%2Fv2%2Fmedia&parent=172"}],"curies":[{"name":"wp","href":"https:\/\/api.w.org\/{rel}","templated":true}]}}