{"id":2,"date":"2016-05-10T03:48:21","date_gmt":"2016-05-10T03:48:21","guid":{"rendered":"http:\/\/kultur-josefstadt.at\/?page_id=2"},"modified":"2021-08-31T14:24:21","modified_gmt":"2021-08-31T12:24:21","slug":"sample-page","status":"publish","type":"page","link":"http:\/\/kultur-josefstadt.at\/?page_id=2","title":{"rendered":"Kultur seit 1979"},"content":{"rendered":"\n<div class=\"wp-block-image\"><figure class=\"alignright\"><img decoding=\"async\" src=\"http:\/\/kultur-josefstadt.at\/wp-content\/uploads\/2016\/05\/KVfreundinnenjosefstadt-250x300.jpg\" alt=\"\"\/><\/figure><\/div>\n\n\n\n<p><span lang=\"DE\">Gegr\u00fcndet 1979 ist unser Verein der \u00e4lteste Josefst\u00e4dter Kulturverein im Rahmen des Wiener Volksbildungswerkes.<\/span><\/p>\n\n\n\n<p>Unsere Motivation hat sich seit der Gr\u00fcndung vor mehr als 40 Jahren nicht ge\u00e4ndert: Wir setzen uns f\u00fcr ein vielf\u00e4ltiges, niederschwelliges und kostenloses Kulturangebot in der Josefstadt ein. <span lang=\"DE\">Immer wieder arbeiten wir dabei auch mit anderen Institutionen, Betrieben, Lokalen oder Schulen aus der Josefstadt zusammen<\/span>.<\/p>\n\n\n\n<p><span lang=\"DE\">Kaum ein Format, das wir in den letzten Jahrzehnten nicht veranstaltet haben<\/span>.<\/p>\n\n\n\n<p><span lang=\"DE\">Konzerte, Lesungen,&nbsp;<\/span><span lang=\"DE\">Stra\u00dfen- und Gr\u00e4tzelfeste,&nbsp;<\/span><span lang=\"DE\">Theaterauff\u00fchrungen, Atelierrundg\u00e4nge, Freiluft-Kino, Kultur-Spazierg\u00e4nge, Ausstellungen, Kinderfeste, Orgelkonzerte, Buchpr\u00e4sentationen,<\/span><span lang=\"DE\">&nbsp;Wienerlied-Abende, Kabarett, R\u00e4tselralleys, Gedenkveranstaltungen und Mahnmale<\/span><span lang=\"DE\">&nbsp;bis zu Performance-Veranstaltungen u.v.m.<\/span><\/p>\n\n\n\n<p>Auch in Zukunft m\u00f6chten wir mit unterschiedlichsten Veranstaltungen Menschen aus der Josefstadt und dar\u00fcber hinaus zusammen bringen und Kulturgenu\u00df f\u00fcr alle erm\u00f6glichen.&nbsp;<\/p>\n\n\n\n<p>Wir freuen uns auf viele weitere Veranstaltungen in der Josefstadt! <\/p>\n\n\n\n<hr class=\"wp-block-separator\"\/>\n\n\n\n<h2 class=\"wp-block-heading\">Ein Streifzug durch mehr als 40 Jahre Kulturverein<\/h2>\n\n\n\n<figure class=\"wp-block-image is-resized\"><img decoding=\"async\" loading=\"lazy\" src=\"http:\/\/kultur-josefstadt.at\/wp-content\/uploads\/2017\/11\/20171128_125114_hp-300x259.jpg\" alt=\"\" width=\"685\" height=\"591\"\/><\/figure>\n\n\n\n<p><span lang=\"DE\">&nbsp;<\/span><\/p>\n\n\n\n<p><strong>Konzert<\/strong>: <span lang=\"DE\">Dixieland-Jazz am Hamerlingplatz<\/span><\/p>\n\n\n\n<p><span lang=\"DE\"><strong>Kulturgespr\u00e4ch<\/strong> mit Kulturstadtrat Dr. Helmut ZILK, Alte Backstube<\/span><\/p>\n\n\n\n<p><strong>Talk<\/strong> mit <span lang=\"DE\">Horst CHMELAR im&nbsp;Festsaal der Gewerkschaft der Lebens- und Genussmittelarbeiter, Albertg. 35<\/span><\/p>\n\n\n\n<figure class=\"wp-block-image is-resized\"><img decoding=\"async\" loading=\"lazy\" src=\"http:\/\/kultur-josefstadt.at\/wp-content\/uploads\/2017\/11\/20171128_143228_hp-300x187.jpg\" alt=\"\" width=\"688\" height=\"429\"\/><\/figure>\n\n\n\n<p><\/p>\n\n\n\n<p><span lang=\"DE\"><strong>Kulturwanderweg<\/strong> Josefstadt<\/span><\/p>\n\n\n\n<p><span lang=\"DE\"><strong>Zeichen und Malwettbewerbe<\/strong> f\u00fcr Kinder in Josefst\u00e4dter Schulen<\/span><\/p>\n\n\n\n<p><span lang=\"DE\"><strong>Spektakel-Zug<\/strong> der Volksschule Pfeilgasse zum Piaristenplatz<\/span><\/p>\n\n\n\n<p><strong>Theater:<\/strong> <span lang=\"DE\">BEZAHLT WIRD NICHT &#8211; Nicola FILIPPELLI, Dietlind MACHER, Heinz PETTERS,&nbsp;Lilly SCHMUCK, Herwig SEEB\u00d6CK im Finanzamt, Josefst\u00e4dter Str. 39<\/span><\/p>\n\n\n\n<p><strong>Lesung<\/strong>: <span lang=\"DE\">200 Jahre Theater in der Josefstadt &#8211; mit Kurt SOBOTKA in der Kleinen Galerie, Neudegger Gasse 8<\/span><\/p>\n\n\n\n<p><strong>Gedenken<\/strong>: <span lang=\"DE\">Enth\u00fcllung der Gedenktafel f\u00fcr Dr. Adolf Sch\u00e4rf im Beisein von Bundespr\u00e4sident Dr. Rudolf KIRCHSCHL\u00c4GER<\/span><\/p>\n\n\n\n<figure class=\"wp-block-image is-resized\"><img decoding=\"async\" loading=\"lazy\" src=\"http:\/\/kultur-josefstadt.at\/wp-content\/uploads\/2017\/11\/20171128_144229_hp-300x208.jpg\" alt=\"\" width=\"689\" height=\"478\"\/><\/figure>\n\n\n\n<p><\/p>\n\n\n\n<p><strong>Lesung<\/strong>: <span lang=\"DE\">Texte von und mit Brigitte NEUMEISTER im Bezirksmuseum<\/span><\/p>\n\n\n\n<p><span lang=\"DE\"><strong>Musik:<\/strong> Schrammelkonzert mit Karl HODINA, Edi REISER, Nina STRECKER, Christl PRAGER und Prof. Harry GL\u00d6CKNER<\/span><\/p>\n\n\n\n<p><strong>Lesung: <\/strong><span lang=\"DE\">Die Welt von Gestern &#8211; Gedenkveranstaltung zu 50. Todestag von Stefan ZWEIG<\/span><\/p>\n\n\n\n<p><strong>Musik: <\/strong><span lang=\"DE\">\u00d6dare und neichere Weanaliada mit den ROLAND NEUWIRTH EXTREMSCHRAMMELN im Cafe Galerie (Lerchenfelder Str. 9 &#8211; 11)<\/span><\/p>\n\n\n\n<figure class=\"wp-block-image is-resized\"><img decoding=\"async\" loading=\"lazy\" src=\"http:\/\/kultur-josefstadt.at\/wp-content\/uploads\/2017\/11\/20171128_145200_hp-300x191.jpg\" alt=\"\" width=\"690\" height=\"439\"\/><\/figure>\n\n\n\n<p><span lang=\"DE\">Zusammenarbeit mit den Pygmalion-<strong>Theater<\/strong><\/span><\/p>\n\n\n\n<p><strong>Kinder-Kino<\/strong>: <span lang=\"DE\">Trickfilmwerkstatt f\u00fcr Kinder von 9 &#8211; 13 Jahren<\/span><\/p>\n\n\n\n<p><span lang=\"DE\"><strong>Hommage<\/strong> zum 150. Todestag von Sigmund FREUD mit Brigitte KADER<\/span><\/p>\n\n\n\n<p><span lang=\"DE\"><strong>Ausstellung: <\/strong>K\u00f6nig, Dame, Turm &#8211; Ausstellung zum Projekt SCHACH IM HORT<\/span><\/p>\n\n\n\n<p><strong>Musik: <\/strong><span lang=\"DE\">The next shift &#8211; Harry AHAMER unplugged, Das Trojanische Pferd, SKULL THONG AND MAGNOLIAN SHINE a.ka. STaMS, MARTIN KEIN und BAND im B72<\/span><\/p>\n\n\n\n<figure class=\"wp-block-image is-resized\"><img decoding=\"async\" loading=\"lazy\" src=\"http:\/\/kultur-josefstadt.at\/wp-content\/uploads\/2017\/11\/20171129_110234_hp-300x186.jpg\" alt=\"\" width=\"689\" height=\"427\"\/><\/figure>\n\n\n\n<p><\/p>\n\n\n\n<p><strong>Diskussion:<\/strong> <span lang=\"DE\">Den Frauen ihr Recht &#8211; Diskussionsveranstaltung mit Irmtraut KARLSSON, Helene KLAAR, Ilse REITER-ZATLOUKAL<\/span>, Volkskundemuseum<\/p>\n\n\n\n<p><strong>Lesung: <\/strong><span lang=\"DE\">G\u00fcnther ZA\u00dcNER &#8211; Buchpr\u00e4sentation im Dionysos\/Nosh<\/span><\/p>\n\n\n\n<p><strong>Musik: <\/strong><span lang=\"DE\">Requiem K.626 &#8211; mit dem&nbsp;Chor des PRAYNER KONSERVATORIUMS; Kirchenmusikverein ST. ULRICH, JOSEPH HAYDN KONZERTVEREIN in der Piaristenkirche<\/span><\/p>\n\n\n\n<p><strong>Atelierrundg\u00e4nge<\/strong>: <span lang=\"DE\">Im-achten-herum<\/span><\/p>\n\n\n\n<p><strong>Theater: <\/strong><span lang=\"DE\">Auf den Henker lauschen von THEATER BEYOND auf der Probeb\u00fchne des Theaters in der Josefstadt<\/span><\/p>\n\n\n\n<p>Gesang: Konzert von Sigrid Horn, im &#8222;Dionysos\/Nosh&#8220;, Kochgasse<\/p>\n\n\n\n<p><strong>Freiluftkino<\/strong> am Piaristenplatz <\/p>\n\n\n\n<p><strong>Gedenkstein<\/strong> f\u00fcr Johanna Dohnal im Hamerlingpark<\/p>\n\n\n\n<p><strong>Adventkonzert<\/strong> mit dem Bl\u00e4serensemble Brilliante Brass am Hauer-Platz<\/p>\n\n\n\n<p><strong>Ausstellung<\/strong>: Zens und die Musik, im Bezirksmuseum Josefstadt<\/p>\n\n\n\n<p>(Coronabedingtes) <strong>Online-Konzert<\/strong> mit Rosie Brown, Bernd Rest and Simon Russel<\/p>\n","protected":false},"excerpt":{"rendered":"<p>Gegr\u00fcndet 1979 ist unser Verein der \u00e4lteste Josefst\u00e4dter Kulturverein im Rahmen des Wiener Volksbildungswerkes. Unsere Motivation hat sich seit der Gr\u00fcndung vor mehr als 40 Jahren nicht ge\u00e4ndert: Wir setzen uns f\u00fcr ein vielf\u00e4ltiges, niederschwelliges und kostenloses Kulturangebot in der Josefstadt ein. Immer wieder arbeiten wir dabei auch mit anderen Institutionen, Betrieben, Lokalen oder Schulen &hellip; <a href=\"http:\/\/kultur-josefstadt.at\/?page_id=2\" class=\"more-link\"><span class=\"screen-reader-text\">Kultur seit 1979<\/span> weiterlesen<\/a><\/p>\n","protected":false},"author":1,"featured_media":0,"parent":0,"menu_order":0,"comment_status":"closed","ping_status":"closed","template":"","meta":[],"jetpack-related-posts":[{"id":31,"url":"http:\/\/kultur-josefstadt.at\/?page_id=31","url_meta":{"origin":2,"position":0},"title":"Kontakt &#038; Impressum","author":"admin","date":"6. November 2017","format":false,"excerpt":"Kulturverein Josefstadt Vorsitzender: Walter Kanov Anschrift: Schmidgasse 18, 1080 Wien Email: info @ kultur-josefstadt.at Facebook: https:\/\/www.facebook.com\/KulturvereinFreundInnenderJosefstadt ZVR-Zahl: 039199221 Bankverbindung: IBAN: AT97 1200 0006 1124 1308, BIC: BKAUATWW","rel":"","context":"\u00c4hnlicher Beitrag","block_context":{"text":"\u00c4hnlicher Beitrag","link":""},"img":{"alt_text":"","src":"","width":0,"height":0},"classes":[]},{"id":138,"url":"http:\/\/kultur-josefstadt.at\/?page_id=138","url_meta":{"origin":2,"position":1},"title":"Blitzlichter aus mehr als 40 Jahren","author":"admin","date":"8. November 2017","format":false,"excerpt":"\u00a0 Dixieland-Jazz am Hamerlingplatz Kulturgespr\u00e4ch mit Kulturstadtrat Dr. Helmut ZILK in der Alten Backstube Horst CHMELAR im\u00a0Festsaal der Gewerkschaft der Lebens- und Genussmittelarbeiter (Albertg. 35) Kulturwanderweg Josefstadt Zeichen und Malwettbewerbe f\u00fcr Kinder in Josefst\u00e4dter Schulen Spektakelzug der Volksschule Pfeilgasse zum Piaristenplatz BEZAHLT WIRD NICHT - Nicola FILIPPELLI, Dietlind MACHER, Heinz\u2026","rel":"","context":"\u00c4hnlicher Beitrag","block_context":{"text":"\u00c4hnlicher Beitrag","link":""},"img":{"alt_text":"","src":"https:\/\/i0.wp.com\/kultur-josefstadt.at\/wp-content\/uploads\/2017\/11\/20171128_125114_hp-300x259.jpg?resize=350%2C200","width":350,"height":200},"classes":[]},{"id":172,"url":"http:\/\/kultur-josefstadt.at\/?page_id=172","url_meta":{"origin":2,"position":2},"title":"SponsorInnen &#038; Spenden","author":"admin","date":"9. November 2017","format":false,"excerpt":"Als gemeinn\u00fctziger Verein finanzieren wir uns aus freiwilligen Spenden, Mitgliedsbeitr\u00e4gen und der freundlichen Unterst\u00fctzung unserer PartnerInnen und F\u00f6rdergeberInnen, denen wir an dieser Stelle herzlich danken. Spenden Wenn Sie den Kulturverein Freundinnen und Freunde der Josefstadt mit einer Spende unterst\u00fctzen m\u00f6chten, k\u00f6nnen Sie das hier:\u00a0 Bankverbindung: IBAN AT97 1200 0006 1124\u2026","rel":"","context":"\u00c4hnlicher Beitrag","block_context":{"text":"\u00c4hnlicher Beitrag","link":""},"img":{"alt_text":"","src":"https:\/\/i0.wp.com\/kultur-josefstadt.at\/wp-content\/uploads\/2022\/09\/Josefstadt-KUK-Logo-neu-bunt.png?resize=350%2C200","width":350,"height":200},"classes":[]},{"id":139,"url":"http:\/\/kultur-josefstadt.at\/?page_id=139","url_meta":{"origin":2,"position":3},"title":"Fixpunkte im Jahresprogramm","author":"admin","date":"8. November 2017","format":false,"excerpt":"Neben den wechselnden Veranstaltungen gibt es einige Fixpunkte im Jahresprogramm des Kulturvereins, die schon seit Jahrzehnten von uns veranstaltet werden: Sommerkino am Jodok-Fink-Platz Seit 1996 findet j\u00e4hrlich am Piaristenplatz das Sommerkino statt. Es geh\u00f6rt damit zu den \u00e4ltesten Freiluftkinoveranstaltungen Wiens und ist inzwischen zu einer Institution geworden. Es ist dies\u2026","rel":"","context":"\u00c4hnlicher Beitrag","block_context":{"text":"\u00c4hnlicher Beitrag","link":""},"img":{"alt_text":"","src":"","width":0,"height":0},"classes":[]},{"id":526,"url":"http:\/\/kultur-josefstadt.at\/?page_id=526","url_meta":{"origin":2,"position":4},"title":"Archiv","author":"admin","date":"9. Dezember 2021","format":false,"excerpt":"Das sind vergangene Veranstaltungen des Kulturvereins. 9. Dezember 2025, 19:30 Uhr: Adventkonzert des Kulturvereins Josefstadt Machet die Tore weit Wenn sich das Jahr dem Ende zuneigt und die Stadt im warmen Lichterglanz erstrahlt, l\u00e4dt derKulturverein Josefstadt\u00a0zu einem besonderen musikalischen Abend ein: Am\u00a0Dienstag, dem 9. Dezember 2025, 19.30 Uhr erklingen im\u00a0Calasanzsaal\u2026","rel":"","context":"\u00c4hnlicher Beitrag","block_context":{"text":"\u00c4hnlicher Beitrag","link":""},"img":{"alt_text":"","src":"https:\/\/i0.wp.com\/kultur-josefstadt.at\/wp-content\/uploads\/2023\/10\/IMG_4505-edited-rotated.jpeg?resize=350%2C200","width":350,"height":200},"classes":[]},{"id":30,"url":"http:\/\/kultur-josefstadt.at\/","url_meta":{"origin":2,"position":5},"title":"Aktuelles","author":"admin","date":"6. November 2017","format":false,"excerpt":"Save the Date: 30. Mai 2026, 19 Uhr Konzert: \"Schm\u00e4h vo\u00b4gestern\" Wienerlieder, Chansons & Schlager aus dem 20. Jahrhundert Robert Fontane & Band 19 Uhr\u00a0im\u00a0Calasanzsaal der Piaristenkirche Wien-Josefstadt (Jodok-Fink-Platz) Weitere Veranstaltungen 2026 Sommerkino am Jodok-Fink-Platz: 18.-21. Juni 2026 Theater im Hamerlingpark: 9. September, 17:30 Uhr Atelierrundg\u00e4nge: 2.-4. Oktober 2026 Folgen\u2026","rel":"","context":"\u00c4hnlicher Beitrag","block_context":{"text":"\u00c4hnlicher Beitrag","link":""},"img":{"alt_text":"","src":"","width":0,"height":0},"classes":[]}],"_links":{"self":[{"href":"http:\/\/kultur-josefstadt.at\/index.php?rest_route=\/wp\/v2\/pages\/2"}],"collection":[{"href":"http:\/\/kultur-josefstadt.at\/index.php?rest_route=\/wp\/v2\/pages"}],"about":[{"href":"http:\/\/kultur-josefstadt.at\/index.php?rest_route=\/wp\/v2\/types\/page"}],"author":[{"embeddable":true,"href":"http:\/\/kultur-josefstadt.at\/index.php?rest_route=\/wp\/v2\/users\/1"}],"replies":[{"embeddable":true,"href":"http:\/\/kultur-josefstadt.at\/index.php?rest_route=%2Fwp%2Fv2%2Fcomments&post=2"}],"version-history":[{"count":21,"href":"http:\/\/kultur-josefstadt.at\/index.php?rest_route=\/wp\/v2\/pages\/2\/revisions"}],"predecessor-version":[{"id":382,"href":"http:\/\/kultur-josefstadt.at\/index.php?rest_route=\/wp\/v2\/pages\/2\/revisions\/382"}],"wp:attachment":[{"href":"http:\/\/kultur-josefstadt.at\/index.php?rest_route=%2Fwp%2Fv2%2Fmedia&parent=2"}],"curies":[{"name":"wp","href":"https:\/\/api.w.org\/{rel}","templated":true}]}}